{"id":1714,"date":"2025-02-06T11:11:32","date_gmt":"2025-02-06T11:11:32","guid":{"rendered":"https:\/\/intimflex.online\/?page_id=1714"},"modified":"2025-03-09T22:13:48","modified_gmt":"2025-03-09T22:13:48","slug":"simulator","status":"publish","type":"page","link":"https:\/\/intimflex.online\/pt\/simulator\/","title":{"rendered":"Estimula\u00e7\u00e3o de piso p\u00e9lvico"},"content":{"rendered":"<div class=\"wp-block-media-text is-stacked-on-mobile\" style=\"grid-template-columns:36% auto\"><figure class=\"wp-block-media-text__media\"><img loading=\"lazy\" decoding=\"async\" width=\"1024\" height=\"781\" src=\"https:\/\/intimflex.online\/wp-content\/uploads\/2024\/12\/kGoal_kegels-1024x781.webp\" alt=\"\" class=\"wp-image-1691 size-full\" srcset=\"https:\/\/intimflex.online\/wp-content\/uploads\/2024\/12\/kGoal_kegels-1024x781.webp 1024w, https:\/\/intimflex.online\/wp-content\/uploads\/2024\/12\/kGoal_kegels-300x229.webp 300w, https:\/\/intimflex.online\/wp-content\/uploads\/2024\/12\/kGoal_kegels-768x586.webp 768w, https:\/\/intimflex.online\/wp-content\/uploads\/2024\/12\/kGoal_kegels.webp 1500w\" sizes=\"auto, (max-width: 1024px) 100vw, 1024px\" \/><\/figure><div class=\"wp-block-media-text__content\">\n<p><strong>Simuladores vaginais<\/strong> s&atilde;o dispositivos inovadores projetados para fortalecer os m&uacute;sculos do assoalho p&eacute;lvico, melhorar a sa&uacute;de &iacute;ntima e melhorar o bem-estar geral. Eles s&atilde;o usados por mulheres em todo o mundo para uma variedade de prop&oacute;sitos, de recupera&ccedil;&atilde;o p&oacute;s-gravidez para melhorar a satisfa&ccedil;&atilde;o sexual e a aptid&atilde;o do n&uacute;cleo.<\/p>\n\n\n\n<div class=\"wp-block-uagb-buttons uagb-buttons__outer-wrap uagb-btn__default-btn uagb-btn-tablet__default-btn uagb-btn-mobile__default-btn uagb-block-b1ce9890\"><div class=\"uagb-buttons__wrap uagb-buttons-layout-wrap \">\n<div class=\"wp-block-uagb-buttons-child uagb-buttons__outer-wrap uagb-block-0ddf46e0 wp-block-button\"><div class=\"uagb-button__wrapper\"><a class=\"uagb-buttons-repeater wp-block-button__link\" aria-label=\"\" href=\"https:\/\/go.intimflex.online\/amazon\" rel=\"follow noopener\" target=\"_blank\" role=\"button\"><div class=\"uagb-button__link\">Compre aqui<\/div><\/a><\/div><\/div>\n<\/div><\/div>\n<\/div><\/div><hr class=\"wp-block-separator has-alpha-channel-opacity\"><h3 class=\"wp-block-heading\">O que s&atilde;o simuladores vaginais de assoalho p&eacute;lvico?<\/h3><p>Vaginal Pelvic Os simuladores de assoalho s&atilde;o dispositivos que ajudam as mulheres a realizar exerc&iacute;cios de Kegel de forma mais eficaz. Estes exerc&iacute;cios visam os m&uacute;sculos do assoalho p&eacute;lvico, que desempenham um papel crucial no controle da bexiga, recupera&ccedil;&atilde;o do parto e sa&uacute;de sexual. Os simuladores geralmente incluem tecnologia inteligente, programas de treinamento guiados e feedback em tempo real para garantir o rastreamento adequado da t&eacute;cnica e do progresso.<\/p><p><\/p><div class=\"wp-block-uagb-image uagb-block-7388b998 wp-block-uagb-image--layout-default wp-block-uagb-image--effect-static wp-block-uagb-image--align-none\"><figure class=\"wp-block-uagb-image__figure\"><img loading=\"lazy\" decoding=\"async\" srcset=\"https:\/\/intimflex.online\/wp-content\/uploads\/2024\/12\/Screenshot-2024-12-12-at-22.46.02.jpg ,https:\/\/intimflex.online\/wp-content\/uploads\/2024\/12\/Screenshot-2024-12-12-at-22.46.02.jpg 780w, https:\/\/intimflex.online\/wp-content\/uploads\/2024\/12\/Screenshot-2024-12-12-at-22.46.02.jpg 360w\" sizes=\"auto, (max-width: 480px) 150px\" src=\"https:\/\/intimflex.online\/wp-content\/uploads\/2024\/12\/Screenshot-2024-12-12-at-22.46.02.jpg\" alt=\"google shoping\" class=\"uag-image-1812\" width=\"2224\" height=\"746\" title=\"\" role=\"img\"><\/figure><\/div><p><strong>Benef&iacute;cios do uso de Vaginal Kegel<\/strong> <strong>Simuladores<\/strong>:<\/p><ul class=\"wp-block-list\">\n<li>Fortalece os m&uacute;sculos do ch&atilde;o p&eacute;lvico.<\/li>\n\n\n\n<li>Ajuda com recupera&ccedil;&atilde;o p&oacute;s-parto.<\/li>\n\n\n\n<li>Melhora o controle da bexiga e reduz a incontin&ecirc;ncia.<\/li>\n\n\n\n<li>Aumenta a libido e aumenta a satisfa&ccedil;&atilde;o sexual.<\/li>\n\n\n\n<li>Suporta a estabilidade geral do n&uacute;cleo e a aptid&atilde;o f&iacute;sica.<\/li>\n<\/ul><blockquote class=\"wp-block-quote is-layout-flow wp-block-quote-is-layout-flow\">\n<p>O feedback que d&aacute; vibra&ccedil;&atilde;o &eacute; mudan&ccedil;a de jogo, caso contr&aacute;rio voc&ecirc; est&aacute; realmente apenas adivinhando.<\/p>\n<\/blockquote><h3 class=\"wp-block-heading\"><strong>Quem pode se beneficiar de simuladores vaginais?<\/strong><\/h3><ul class=\"wp-block-list\">\n<li><strong>Novas M&atilde;es<\/strong>: Aux&iacute;lios na recupera&ccedil;&atilde;o p&oacute;s-gravidez.<\/li>\n\n\n\n<li><strong>Mulheres Experiente Incontin&ecirc;ncia<\/strong>: Previne e reduz os sintomas.<\/li>\n\n\n\n<li><strong>Aqueles que procuram melhor bem-estar sexual<\/strong>: Fortalece os m&uacute;sculos que aumentam o prazer.<\/li>\n\n\n\n<li><strong>Entusiasmas de Fitness<\/strong>: Complementa exerc&iacute;cios f&iacute;sicos para melhor suporte ao n&uacute;cleo.<\/li>\n<\/ul><h3 class=\"wp-block-heading\"><strong>Tipos de simuladores de assoalho p&eacute;lvico<\/strong><\/h3><p>Os simuladores vaginais v&ecirc;m em v&aacute;rios projetos e funcionalidades para atender a diferentes necessidades e prefer&ecirc;ncias. Aqui est&atilde;o os tipos e marcas mais populares:<\/p><h4 class=\"wp-block-heading\"><strong>1. Simuladores manuais<\/strong><\/h4><ul class=\"wp-block-list\">\n<li>Estes dispositivos n&atilde;o exigem baterias ou carregamento.<\/li>\n\n\n\n<li>Ideal para iniciantes que preferem simplicidade.<\/li>\n\n\n\n<li>Exemplo: <strong>Toners p&eacute;lvicos<\/strong> &ndash; leve, port&aacute;til e or&ccedil;amento amig&aacute;vel.<\/li>\n<\/ul><h4 class=\"wp-block-heading\"><strong>2. Simuladores inteligentes<\/strong><\/h4><ul class=\"wp-block-list\">\n<li>Equipado com sensores e conectividade de aplicativos m&oacute;veis.<\/li>\n\n\n\n<li>Fornecer feedback em tempo real e rastreamento de progresso.<\/li>\n\n\n\n<li>Exemplo: <strong>Kgoal, Emy, Peryfit, <strong>Elvie<\/strong>. <\/strong>\n<ul class=\"wp-block-list\">\n<li>Possui design ergon&ocirc;mico e compatibilidade com um aplicativo dedicado.<\/li>\n\n\n\n<li>Oferece exerc&iacute;cios personalizados e visualiza&ccedil;&atilde;o de progresso.<\/li>\n<\/ul>\n<\/li>\n<\/ul><p>Encontrar novo <strong>Simuladores inteligentes<\/strong> sobre <a href=\"https:\/\/go.intimflex.online\/amazon\" target=\"_blank\" rel=\"noopener nofollow sponsored\" title=\"\">Amazonas<\/a> ou Google.<\/p><h4 class=\"wp-block-heading\"><strong>3. Simuladores Vaginais Pesados<\/strong><\/h4><ul class=\"wp-block-list\">\n<li>Use dispositivos pequenos e ponderados para aumentar a resist&ecirc;ncia muscular.<\/li>\n\n\n\n<li>Ideal para usu&aacute;rios interm&eacute;dios e avan&ccedil;ados.<\/li>\n\n\n\n<li>Exemplo: <strong>Ben Wa bolas<\/strong> &ndash; dispon&iacute;vel em diferentes tamanhos e pesos.<\/li>\n<\/ul><h4 class=\"wp-block-heading\"><strong>4. Simulators Vaginais Vibrantes<\/strong><\/h4><ul class=\"wp-block-list\">\n<li>Combine exerc&iacute;cios de Kegel com vibra&ccedil;&otilde;es suaves para estimular e fortalecer os m&uacute;sculos.<\/li>\n\n\n\n<li>Exemplo: <strong>Kgoal<\/strong> e <strong>Elvie Trainer.<\/strong> <\/li>\n<\/ul><h4 class=\"wp-block-heading\"><strong>5. Biofeedback Vaginal Simulators<\/strong><\/h4><ul class=\"wp-block-list\">\n<li>Me&ccedil;a a for&ccedil;a de contra&ccedil;&atilde;o muscular e ofere&ccedil;a biofeedback para treinamento preciso.<\/li>\n\n\n\n<li>Comumente usado em ambientes cl&iacute;nicos ou por usu&aacute;rios avan&ccedil;ados.<\/li>\n<\/ul><hr class=\"wp-block-separator has-alpha-channel-opacity\"><h3 class=\"wp-block-heading\"><strong>Por que escolher kGoal?<\/strong><\/h3><figure class=\"wp-block-image alignleft size-large is-resized\"><img loading=\"lazy\" decoding=\"async\" width=\"1024\" height=\"826\" src=\"https:\/\/intimflex.online\/wp-content\/uploads\/2024\/12\/kGoal_squeeze_8-1024x826.webp\" alt=\"kGoal\" class=\"wp-image-1693\" style=\"width:250px\" srcset=\"https:\/\/intimflex.online\/wp-content\/uploads\/2024\/12\/kGoal_squeeze_8-1024x826.webp 1024w, https:\/\/intimflex.online\/wp-content\/uploads\/2024\/12\/kGoal_squeeze_8-300x242.webp 300w, https:\/\/intimflex.online\/wp-content\/uploads\/2024\/12\/kGoal_squeeze_8-768x619.webp 768w, https:\/\/intimflex.online\/wp-content\/uploads\/2024\/12\/kGoal_squeeze_8.webp 1070w\" sizes=\"auto, (max-width: 1024px) 100vw, 1024px\" \/><\/figure><p>O <strong><a href=\"https:\/\/intimflex.online\/kgoal-kegel-exerciser\/\" target=\"_blank\" rel=\"noopener\" title=\"KGoal Kegel Exerciser\">Simulador de Vaginal KGoal<\/a><\/strong> destaca-se por sua tecnologia avan&ccedil;ada e recursos f&aacute;ceis de usar:<\/p><ul class=\"wp-block-list\">\n<li><strong>Conectividade inteligente<\/strong>: Sincronizar com um aplicativo m&oacute;vel para orienta&ccedil;&atilde;o personalizada.<\/li>\n\n\n\n<li><strong>Design confort&aacute;vel<\/strong>: Feito de silicone m&eacute;dico-grau com uma forma ergon&ocirc;mica.<\/li>\n\n\n\n<li><strong>Feedback em tempo real<\/strong>: Rastreia o progresso e garante a t&eacute;cnica de exerc&iacute;cio correta.<\/li>\n\n\n\n<li><strong>Adequado para todos os n&iacute;veis<\/strong>: De iniciantes a usu&aacute;rios avan&ccedil;ados.<\/li>\n<\/ul><p>Dispon&iacute;vel em:<\/p><ul class=\"wp-block-list\">\n<li><strong>Para a Europa e a Am&eacute;rica<\/strong>: <a href=\"https:\/\/go.intimflex.online\/kgoal.com\" target=\"_blank\" rel=\"noopener nofollow\" title=\"\">quilogramas.com<\/a><\/li>\n\n\n\n<li>No Amazonas: <a href=\"https:\/\/go.intimflex.online\/kgoal-amz\" target=\"_blank\" rel=\"noopener nofollow sponsored\" title=\"link\">link<\/a>.<\/li>\n<\/ul><h3 class=\"wp-block-heading\">Qual &eacute; a melhor alternativa para <strong>kGoal<\/strong><\/h3><p>O <strong>principal objetivo do treinamento IntimFlex<\/strong> a <strong>fortalecer seus m&uacute;sculos Kegel<\/strong> e melhorar o controle do piso p&eacute;lvico. Os treinadores mais eficazes s&atilde;o aqueles que fornecem <strong>biofeedback<\/strong>&mdash; seja atrav&eacute;s de <strong>vibra&ccedil;&atilde;o<\/strong> ou <strong>rastreamento visual<\/strong> em um aplicativo m&oacute;vel.<\/p><p><strong>kGoal<\/strong> tem sido um <strong>op&ccedil;&atilde;o confi&aacute;vel para mais de 5 anos<\/strong>, oferecendo feedback em tempo real para garantir o envolvimento muscular adequado. Mas se voc&ecirc; est&aacute; procurando <strong>alternativas<\/strong>, aqui est&atilde;o duas excelentes op&ccedil;&otilde;es dispon&iacute;veis para treinamento IntimFlex:<\/p><h4 class=\"wp-block-heading\"><strong>Perifit &ndash; Um treinador de Kegel inteligente com Biofeedback<\/strong><\/h4><figure class=\"wp-block-image alignleft size-large is-resized\"><img loading=\"lazy\" decoding=\"async\" width=\"1024\" height=\"1024\" src=\"https:\/\/intimflex.online\/wp-content\/uploads\/2025\/02\/Screenshot-2025-02-06-at-12.19.12-1024x1024.jpg\" alt=\"Perifit + devise\" class=\"wp-image-2377\" style=\"width:250px\" srcset=\"https:\/\/intimflex.online\/wp-content\/uploads\/2025\/02\/Screenshot-2025-02-06-at-12.19.12-1024x1024.jpg 1024w, https:\/\/intimflex.online\/wp-content\/uploads\/2025\/02\/Screenshot-2025-02-06-at-12.19.12-300x300.jpg 300w, https:\/\/intimflex.online\/wp-content\/uploads\/2025\/02\/Screenshot-2025-02-06-at-12.19.12-150x150.jpg 150w, https:\/\/intimflex.online\/wp-content\/uploads\/2025\/02\/Screenshot-2025-02-06-at-12.19.12-768x768.jpg 768w, https:\/\/intimflex.online\/wp-content\/uploads\/2025\/02\/Screenshot-2025-02-06-at-12.19.12.jpg 1514w\" sizes=\"auto, (max-width: 1024px) 100vw, 1024px\" \/><figcaption class=\"wp-element-caption\">Perifit+<\/figcaption><\/figure><p>&#128578; <strong>Dispon&iacute;vel nos EUA e Europa<\/strong><br>&eth; <strong>Pre&ccedil;o:<\/strong> Come&ccedil;a em <strong>$149<\/strong> (com planos de pagamento de 12 meses dispon&iacute;veis)<br>&eth; <strong>Por que escolher?<\/strong><\/p><ul class=\"wp-block-list\">\n<li><strong>Rastreamento em tempo real<\/strong> atrav&eacute;s de um aplicativo m&oacute;vel.<\/li>\n\n\n\n<li><strong>Jogos de treinamento interativos<\/strong> que fazem exerc&iacute;cios atraentes.<\/li>\n\n\n\n<li><strong>Dispositivo de n&iacute;vel m&eacute;dico<\/strong>, recomendado por especialistas em sa&uacute;de p&eacute;lvica.<br>&#8211; N&atilde;o. <strong>Ordem aqui:<\/strong> <a href=\"https:\/\/go.intimflex.online\/perifit-amazon\" target=\"_blank\" rel=\"noopener nofollow\" title=\"\">Perifit na Amaz&ocirc;nia<\/a> ou <a href=\"https:\/\/go.intimflex.online\/perifit-plus-amz\" target=\"_blank\" rel=\"noopener nofollow\" title=\"\">Perifit+ por $179<\/a><\/li>\n<\/ul><hr class=\"wp-block-separator has-alpha-channel-opacity\"><h4 class=\"wp-block-heading\"><strong>Emy &ndash; Um instrutor premium para for&ccedil;a de piso p&eacute;lvico<\/strong><\/h4><figure class=\"wp-block-image alignleft size-full is-resized\"><img loading=\"lazy\" decoding=\"async\" width=\"679\" height=\"679\" src=\"https:\/\/intimflex.online\/wp-content\/uploads\/2025\/02\/image.png\" alt=\"\" class=\"wp-image-2375\" style=\"width:250px\" srcset=\"https:\/\/intimflex.online\/wp-content\/uploads\/2025\/02\/image.png 679w, https:\/\/intimflex.online\/wp-content\/uploads\/2025\/02\/image-300x300.png 300w, https:\/\/intimflex.online\/wp-content\/uploads\/2025\/02\/image-150x150.png 150w\" sizes=\"auto, (max-width: 679px) 100vw, 679px\" \/><\/figure><p>&#128578; <strong>Dispon&iacute;vel na Europa<\/strong><br>&eth; <strong>Pre&ccedil;o:<\/strong> Come&ccedil;a em <strong>169,99<\/strong> (com op&ccedil;&otilde;es de entrega r&aacute;pida)<br>&eth; <strong>Por que escolher?<\/strong><\/p><ul class=\"wp-block-list\">\n<li><strong>Tecnologia de Biofeedback<\/strong> para o engajamento muscular preciso.<\/li>\n\n\n\n<li><strong>Exerc&iacute;cios guiados por aplicativos<\/strong> com rastreamento detalhado de progresso.<\/li>\n\n\n\n<li><strong>Projetado por profissionais m&eacute;dicos<\/strong> para treinamento eficaz de piso p&eacute;lvico.<br>&#8211; N&atilde;o. <strong>Ordem aqui:<\/strong> <a href=\"https:\/\/go.intimflex.online\/emy-amazon\" target=\"_blank\" rel=\"noopener nofollow\" title=\"\">Emy on Amazon EU for &acirc; &euro; 169,99<\/a><\/li>\n<\/ul><h4 class=\"wp-block-heading\"><strong>&eth;.1 3. Elvie Trainer &ndash; Sleek &#038; Medical-Grade<\/strong><\/h4><figure class=\"wp-block-image alignleft size-full is-resized\"><img loading=\"lazy\" decoding=\"async\" width=\"700\" height=\"700\" src=\"https:\/\/intimflex.online\/wp-content\/uploads\/2024\/12\/image.png\" alt=\"elvie and app\" class=\"wp-image-1827\" style=\"width:250px\" srcset=\"https:\/\/intimflex.online\/wp-content\/uploads\/2024\/12\/image.png 700w, https:\/\/intimflex.online\/wp-content\/uploads\/2024\/12\/image-300x300.png 300w, https:\/\/intimflex.online\/wp-content\/uploads\/2024\/12\/image-150x150.png 150w\" sizes=\"auto, (max-width: 700px) 100vw, 700px\" \/><\/figure><p>&#128578; <strong>Disponibilidade:<\/strong> <strong>Somente na Europa<\/strong><br>&eth; <strong>Pre&ccedil;o:<\/strong> Come&ccedil;a em <strong>199<\/strong><br>&eth; <strong>Por que escolher?<\/strong><br>&#8221; <strong>silicone m&eacute;dico<\/strong> para seguran&ccedil;a e conforto<br>&#8221; <strong>Exerc&iacute;cios controlados por aplicativos<\/strong> guiar voc&ecirc; atrav&eacute;s de exerc&iacute;cios<br>&#8221; <strong>Acompanha o progresso ao longo do tempo<\/strong> para fortalecer o ch&atilde;o p&eacute;lvico<br>&#8221; <strong>Confiado por fisioterapeutas<\/strong> e profissionais de sa&uacute;de<\/p><p>&#8211; N&atilde;o. <strong>Compre aqui:<\/strong> <a href=\"https:\/\/go.intimflex.online\/elvie-amz\" target=\"_blank\" rel=\"noopener nofollow\" title=\"\">Elvie no Amazonas<\/a><\/p><h5 class=\"wp-block-heading\"><strong>Qual deve voc&ecirc; escolher?<\/strong><\/h5><p>Ambos os treinadores fornecem <strong>biofeedback eficaz<\/strong> para <strong>Exerc&iacute;cios IntimFlex<\/strong>, garantindo melhor controle muscular e <strong>resultados mais r&aacute;pidos<\/strong>! &eth;&#8217;a<\/p><h3 class=\"wp-block-heading\"><strong>Como escolher o simulador de assoalho p&eacute;lvico direito para voc&ecirc;?<\/strong><\/h3><ol class=\"wp-block-list\">\n<li><strong>Defina seus objetivos<\/strong>:\n<ul class=\"wp-block-list\">\n<li>Para recupera&ccedil;&atilde;o p&oacute;s-parto? Escolha um simulador ponderado ou manual.<\/li>\n\n\n\n<li>Para acompanhamento avan&ccedil;ado e orienta&ccedil;&atilde;o? Opte por um simulador inteligente como KGoal, Emy, Perifit ou Elvie.<\/li>\n<\/ul>\n<\/li>\n\n\n\n<li><strong>Considere seu n&iacute;vel de experi&ecirc;ncia<\/strong>:\n<ul class=\"wp-block-list\">\n<li>Iniciantes: Comece com simuladores manuais ou leves.<\/li>\n\n\n\n<li>Avan&ccedil;ado: Explore dispositivos vibrat&oacute;rios ou biofeedback.<\/li>\n<\/ul>\n<\/li>\n\n\n\n<li><strong>Or&ccedil;amento e Caracter&iacute;sticas<\/strong>:\n<ul class=\"wp-block-list\">\n<li>Defina um or&ccedil;amento e procure recursos como conectividade de aplicativos, configura&ccedil;&otilde;es de vibra&ccedil;&atilde;o ou pesos ajust&aacute;veis.<\/li>\n<\/ul>\n<\/li>\n<\/ol><hr class=\"wp-block-separator has-alpha-channel-opacity\"><h3 class=\"wp-block-heading\"><strong>Come&ccedil;ar com Simuladores Vaginais<\/strong><\/h3><ol class=\"wp-block-list\">\n<li><strong>Prepara&ccedil;&atilde;o<\/strong>:\n<ul class=\"wp-block-list\">\n<li>Certifique-se de que o dispositivo est&aacute; limpo e use um lubrificante &agrave; base de &aacute;gua para conforto.<\/li>\n<\/ul>\n<\/li>\n\n\n\n<li><strong>Uso regular<\/strong>:\n<ul class=\"wp-block-list\">\n<li>Incorpore o simulador em sua rotina 3-5 vezes por semana para os melhores resultados.<\/li>\n<\/ul>\n<\/li>\n\n\n\n<li><strong>Rastrear seu progresso<\/strong>:\n<ul class=\"wp-block-list\">\n<li>Use recursos inteligentes para monitorar a melhoria e ficar motivado.<\/li>\n<\/ul>\n<\/li>\n<\/ol><hr class=\"wp-block-separator has-alpha-channel-opacity\"><h3 class=\"wp-block-heading\"><strong>Investir em Sua Bem-Estar Intima<\/strong><\/h3><p>Vaginal Pelvic Os simuladores de assoalho s&atilde;o mais do que ferramentas de fitness &ndash; s&atilde;o investimentos em sua confian&ccedil;a, sa&uacute;de e felicidade. Se voc&ecirc; &eacute; um iniciante ou um usu&aacute;rio experiente, h&aacute; um simulador que se encaixa &agrave;s suas necessidades. Explore as op&ccedil;&otilde;es e d&ecirc; o primeiro passo para um mais forte, mais saud&aacute;vel voc&ecirc;!<\/p>","protected":false},"excerpt":{"rendered":"<p>O que s&atilde;o simuladores vaginais de assoalho p&eacute;lvico? Vaginal Pelvic Os simuladores de assoalho s&atilde;o dispositivos que ajudam as mulheres a realizar exerc&iacute;cios de Kegel de forma mais eficaz. Estes exerc&iacute;cios visam os m&uacute;sculos do assoalho p&eacute;lvico, que desempenham um papel crucial no controle da bexiga, recupera&ccedil;&atilde;o do parto e sa&uacute;de sexual. Os simuladores geralmente [&hellip;]<\/p>\n","protected":false},"author":1,"featured_media":0,"parent":0,"menu_order":0,"comment_status":"closed","ping_status":"closed","template":"","meta":{"_uag_custom_page_level_css":"","site-sidebar-layout":"default","site-content-layout":"","ast-site-content-layout":"default","site-content-style":"default","site-sidebar-style":"default","ast-global-header-display":"","ast-banner-title-visibility":"","ast-main-header-display":"","ast-hfb-above-header-display":"","ast-hfb-below-header-display":"","ast-hfb-mobile-header-display":"","site-post-title":"","ast-breadcrumbs-content":"","ast-featured-img":"","footer-sml-layout":"","theme-transparent-header-meta":"","adv-header-id-meta":"","stick-header-meta":"","header-above-stick-meta":"","header-main-stick-meta":"","header-below-stick-meta":"","astra-migrate-meta-layouts":"set","ast-page-background-enabled":"default","ast-page-background-meta":{"desktop":{"background-color":"var(--ast-global-color-4)","background-image":"","background-repeat":"repeat","background-position":"center center","background-size":"auto","background-attachment":"scroll","background-type":"","background-media":"","overlay-type":"","overlay-color":"","overlay-opacity":"","overlay-gradient":""},"tablet":{"background-color":"","background-image":"","background-repeat":"repeat","background-position":"center center","background-size":"auto","background-attachment":"scroll","background-type":"","background-media":"","overlay-type":"","overlay-color":"","overlay-opacity":"","overlay-gradient":""},"mobile":{"background-color":"","background-image":"","background-repeat":"repeat","background-position":"center center","background-size":"auto","background-attachment":"scroll","background-type":"","background-media":"","overlay-type":"","overlay-color":"","overlay-opacity":"","overlay-gradient":""}},"ast-content-background-meta":{"desktop":{"background-color":"var(--ast-global-color-5)","background-image":"","background-repeat":"repeat","background-position":"center center","background-size":"auto","background-attachment":"scroll","background-type":"","background-media":"","overlay-type":"","overlay-color":"","overlay-opacity":"","overlay-gradient":""},"tablet":{"background-color":"var(--ast-global-color-5)","background-image":"","background-repeat":"repeat","background-position":"center center","background-size":"auto","background-attachment":"scroll","background-type":"","background-media":"","overlay-type":"","overlay-color":"","overlay-opacity":"","overlay-gradient":""},"mobile":{"background-color":"var(--ast-global-color-5)","background-image":"","background-repeat":"repeat","background-position":"center center","background-size":"auto","background-attachment":"scroll","background-type":"","background-media":"","overlay-type":"","overlay-color":"","overlay-opacity":"","overlay-gradient":""}},"footnotes":""},"class_list":["post-1714","page","type-page","status-publish","hentry"],"aioseo_notices":[],"uagb_featured_image_src":{"full":false,"thumbnail":false,"medium":false,"medium_large":false,"large":false,"1536x1536":false,"2048x2048":false},"uagb_author_info":{"display_name":"Alex","author_link":"https:\/\/intimflex.online\/pt\/author\/ped4enko-mailgmail-com\/"},"uagb_comment_info":0,"uagb_excerpt":"O que s&atilde;o simuladores vaginais de assoalho p&eacute;lvico? Vaginal Pelvic Os simuladores de assoalho s&atilde;o dispositivos que ajudam as mulheres a realizar exerc&iacute;cios de Kegel de forma mais eficaz. Estes exerc&iacute;cios visam os m&uacute;sculos do assoalho p&eacute;lvico, que desempenham um papel crucial no controle da bexiga, recupera&ccedil;&atilde;o do parto e sa&uacute;de sexual. Os simuladores geralmente&hellip;","_links":{"self":[{"href":"https:\/\/intimflex.online\/pt\/wp-json\/wp\/v2\/pages\/1714","targetHints":{"allow":["GET"]}}],"collection":[{"href":"https:\/\/intimflex.online\/pt\/wp-json\/wp\/v2\/pages"}],"about":[{"href":"https:\/\/intimflex.online\/pt\/wp-json\/wp\/v2\/types\/page"}],"author":[{"embeddable":true,"href":"https:\/\/intimflex.online\/pt\/wp-json\/wp\/v2\/users\/1"}],"replies":[{"embeddable":true,"href":"https:\/\/intimflex.online\/pt\/wp-json\/wp\/v2\/comments?post=1714"}],"version-history":[{"count":22,"href":"https:\/\/intimflex.online\/pt\/wp-json\/wp\/v2\/pages\/1714\/revisions"}],"predecessor-version":[{"id":2548,"href":"https:\/\/intimflex.online\/pt\/wp-json\/wp\/v2\/pages\/1714\/revisions\/2548"}],"wp:attachment":[{"href":"https:\/\/intimflex.online\/pt\/wp-json\/wp\/v2\/media?parent=1714"}],"curies":[{"name":"wp","href":"https:\/\/api.w.org\/{rel}","templated":true}]}}